{"id":34,"date":"2024-07-11T11:29:02","date_gmt":"2024-07-11T09:29:02","guid":{"rendered":"https:\/\/helan.biometriq.be\/?page_id=34"},"modified":"2024-08-26T10:03:06","modified_gmt":"2024-08-26T08:03:06","slug":"terugbetaling","status":"publish","type":"page","link":"https:\/\/helan.biometriq.be\/fr\/terugbetaling\/","title":{"rendered":"Remboursement"},"content":{"rendered":"<div data-elementor-type=\"wp-page\" data-elementor-id=\"34\" class=\"elementor elementor-34\" data-elementor-post-type=\"page\">\n\t\t\t\t<div class=\"elementor-element elementor-element-a2d9ba0 e-flex e-con-boxed e-con e-parent\" data-id=\"a2d9ba0\" data-element_type=\"container\" data-e-type=\"container\">\n\t\t\t\t\t<div class=\"e-con-inner\">\n\t\t<div class=\"elementor-element elementor-element-e33addf e-con-full e-flex e-con e-child\" data-id=\"e33addf\" data-element_type=\"container\" data-e-type=\"container\">\n\t\t\t\t<div class=\"elementor-element elementor-element-375a51b elementor-widget elementor-widget-heading\" data-id=\"375a51b\" data-element_type=\"widget\" data-e-type=\"widget\" data-widget_type=\"heading.default\">\n\t\t\t\t<div class=\"elementor-widget-container\">\n\t\t\t\t\t<h2 class=\"elementor-heading-title elementor-size-default\">Un remboursement de <span> 25 euros<\/span><br> pour les clients Helan<\/h2>\t\t\t\t<\/div>\n\t\t\t\t<\/div>\n\t\t\t\t<div class=\"elementor-element elementor-element-518c9f0 elementor-widget elementor-widget-text-editor\" data-id=\"518c9f0\" data-element_type=\"widget\" data-e-type=\"widget\" data-widget_type=\"text-editor.default\">\n\t\t\t\t<div class=\"elementor-widget-container\">\n\t\t\t\t\t\t\t\t\t<p>Besoin d'un plan nutritionnel adapt\u00e9 ? Faites le point sur votre alimentation avec un di\u00e9t\u00e9ticien reconnu par l'INAMI.<\/p>\t\t\t\t\t\t\t\t<\/div>\n\t\t\t\t<\/div>\n\t\t<div class=\"elementor-element elementor-element-b5f0bca e-con-full e-flex e-con e-child\" data-id=\"b5f0bca\" data-element_type=\"container\" data-e-type=\"container\">\n\t\t\t\t<div class=\"elementor-element elementor-element-7ad7285 elementor-widget elementor-widget-button\" data-id=\"7ad7285\" data-element_type=\"widget\" data-e-type=\"widget\" data-widget_type=\"button.default\">\n\t\t\t\t<div class=\"elementor-widget-container\">\n\t\t\t\t\t\t\t\t\t<div class=\"elementor-button-wrapper\">\n\t\t\t\t\t<a class=\"elementor-button elementor-button-link elementor-size-sm\" href=\"https:\/\/helan.biometriq.be\/fr\/vind\/\">\n\t\t\t\t\t\t<span class=\"elementor-button-content-wrapper\">\n\t\t\t\t\t\t\t\t\t<span class=\"elementor-button-text\">Trouvez votre di\u00e9t\u00e9ticien<\/span>\n\t\t\t\t\t<\/span>\n\t\t\t\t\t<\/a>\n\t\t\t\t<\/div>\n\t\t\t\t\t\t\t\t<\/div>\n\t\t\t\t<\/div>\n\t\t\t\t<div data-dce-background-color=\"#ECBE6E00\" class=\"elementor-element elementor-element-d39b983 elementor-widget elementor-widget-button\" data-id=\"d39b983\" data-element_type=\"widget\" data-e-type=\"widget\" data-widget_type=\"button.default\">\n\t\t\t\t<div class=\"elementor-widget-container\">\n\t\t\t\t\t\t\t\t\t<div class=\"elementor-button-wrapper\">\n\t\t\t\t\t<a class=\"elementor-button elementor-button-link elementor-size-sm\" href=\"https:\/\/www.helan.be\/nl\/klant-worden\" target=\"_blank\" rel=\"noopener\">\n\t\t\t\t\t\t<span class=\"elementor-button-content-wrapper\">\n\t\t\t\t\t\t\t\t\t<span class=\"elementor-button-text\">Vous n'\u00eates pas client de Helan ?<\/span>\n\t\t\t\t\t<\/span>\n\t\t\t\t\t<\/a>\n\t\t\t\t<\/div>\n\t\t\t\t\t\t\t\t<\/div>\n\t\t\t\t<\/div>\n\t\t\t\t<\/div>\n\t\t\t\t<\/div>\n\t\t<div class=\"elementor-element elementor-element-12c8079 e-con-full e-flex e-con e-child\" data-id=\"12c8079\" data-element_type=\"container\" data-e-type=\"container\">\n\t\t\t\t<div class=\"elementor-element elementor-element-08a14d7 dce_masking-none elementor-widget elementor-widget-image\" data-id=\"08a14d7\" data-element_type=\"widget\" data-e-type=\"widget\" data-widget_type=\"image.default\">\n\t\t\t\t<div class=\"elementor-widget-container\">\n\t\t\t\t\t\t\t\t\t\t\t\t\t\t\t<img fetchpriority=\"high\" decoding=\"async\" width=\"800\" height=\"800\" src=\"https:\/\/helan.biometriq.be\/wp-content\/uploads\/2024\/08\/WebsitePicture9-1024x1024.png\" class=\"attachment-large size-large wp-image-2724\" alt=\"\" srcset=\"https:\/\/helan.biometriq.be\/wp-content\/uploads\/2024\/08\/WebsitePicture9-1024x1024.png 1024w, https:\/\/helan.biometriq.be\/wp-content\/uploads\/2024\/08\/WebsitePicture9-300x300.png 300w, https:\/\/helan.biometriq.be\/wp-content\/uploads\/2024\/08\/WebsitePicture9-150x150.png 150w, https:\/\/helan.biometriq.be\/wp-content\/uploads\/2024\/08\/WebsitePicture9-768x768.png 768w, https:\/\/helan.biometriq.be\/wp-content\/uploads\/2024\/08\/WebsitePicture9-12x12.png 12w, https:\/\/helan.biometriq.be\/wp-content\/uploads\/2024\/08\/WebsitePicture9.png 1240w\" sizes=\"(max-width: 800px) 100vw, 800px\" \/>\t\t\t\t\t\t\t\t\t\t\t\t\t\t\t<\/div>\n\t\t\t\t<\/div>\n\t\t\t\t<\/div>\n\t\t\t\t\t<\/div>\n\t\t\t\t<\/div>\n\t\t<div class=\"elementor-element elementor-element-6083b7a e-flex e-con-boxed e-con e-parent\" data-id=\"6083b7a\" data-element_type=\"container\" data-e-type=\"container\" data-settings=\"{&quot;background_background&quot;:&quot;classic&quot;}\">\n\t\t\t\t\t<div class=\"e-con-inner\">\n\t\t<div class=\"elementor-element elementor-element-8922fec e-con-full e-flex e-con e-child\" data-id=\"8922fec\" data-element_type=\"container\" data-e-type=\"container\">\n\t\t<div class=\"elementor-element elementor-element-5b2f14b e-con-full e-flex e-con e-child\" data-id=\"5b2f14b\" data-element_type=\"container\" data-e-type=\"container\">\n\t\t\t\t<div class=\"elementor-element elementor-element-2464efe elementor-widget elementor-widget-heading\" data-id=\"2464efe\" data-element_type=\"widget\" data-e-type=\"widget\" data-widget_type=\"heading.default\">\n\t\t\t\t<div class=\"elementor-widget-container\">\n\t\t\t\t\t<p class=\"elementor-heading-title elementor-size-default\">ETAPPE 1<\/p>\t\t\t\t<\/div>\n\t\t\t\t<\/div>\n\t\t\t\t<div class=\"elementor-element elementor-element-fcb5530 elementor-widget elementor-widget-heading\" data-id=\"fcb5530\" data-element_type=\"widget\" data-e-type=\"widget\" data-widget_type=\"heading.default\">\n\t\t\t\t<div class=\"elementor-widget-container\">\n\t\t\t\t\t<h3 class=\"elementor-heading-title elementor-size-default\">Recevez le formulaire<\/h3>\t\t\t\t<\/div>\n\t\t\t\t<\/div>\n\t\t\t\t<div class=\"elementor-element elementor-element-92f7ee9 elementor-widget-divider--view-line elementor-widget elementor-widget-divider\" data-id=\"92f7ee9\" data-element_type=\"widget\" data-e-type=\"widget\" data-widget_type=\"divider.default\">\n\t\t\t\t<div class=\"elementor-widget-container\">\n\t\t\t\t\t\t\t<div class=\"elementor-divider\">\n\t\t\t<span class=\"elementor-divider-separator\">\n\t\t\t\t\t\t<\/span>\n\t\t<\/div>\n\t\t\t\t\t\t<\/div>\n\t\t\t\t<\/div>\n\t\t\t\t<div class=\"elementor-element elementor-element-edfe3b0 elementor-widget elementor-widget-text-editor\" data-id=\"edfe3b0\" data-element_type=\"widget\" data-e-type=\"widget\" data-widget_type=\"text-editor.default\">\n\t\t\t\t<div class=\"elementor-widget-container\">\n\t\t\t\t\t\t\t\t\t<p>Apr\u00e8s votre consultation, vous recevrez par e-mail le formulaire de remboursement pour la di\u00e9t\u00e9tique sign\u00e9 par nos di\u00e9t\u00e9ticiens. V\u00e9rifiez que toutes les informations sont correctement remplies. Il est important de fournir les bonnes informations lors de la prise de rendez-vous pour la consultation.<\/p>\t\t\t\t\t\t\t\t<\/div>\n\t\t\t\t<\/div>\n\t\t\t\t<\/div>\n\t\t<div class=\"elementor-element elementor-element-921a69d e-con-full e-flex e-con e-child\" data-id=\"921a69d\" data-element_type=\"container\" data-e-type=\"container\">\n\t\t\t\t<div class=\"elementor-element elementor-element-29aa50a elementor-widget elementor-widget-heading\" data-id=\"29aa50a\" data-element_type=\"widget\" data-e-type=\"widget\" data-widget_type=\"heading.default\">\n\t\t\t\t<div class=\"elementor-widget-container\">\n\t\t\t\t\t<p class=\"elementor-heading-title elementor-size-default\">ETAPPE 2<\/p>\t\t\t\t<\/div>\n\t\t\t\t<\/div>\n\t\t\t\t<div class=\"elementor-element elementor-element-578a79d elementor-widget elementor-widget-heading\" data-id=\"578a79d\" data-element_type=\"widget\" data-e-type=\"widget\" data-widget_type=\"heading.default\">\n\t\t\t\t<div class=\"elementor-widget-container\">\n\t\t\t\t\t<h3 class=\"elementor-heading-title elementor-size-default\">Retour du formulaire<\/h3>\t\t\t\t<\/div>\n\t\t\t\t<\/div>\n\t\t\t\t<div class=\"elementor-element elementor-element-96e9a5d elementor-widget-divider--view-line elementor-widget elementor-widget-divider\" data-id=\"96e9a5d\" data-element_type=\"widget\" data-e-type=\"widget\" data-widget_type=\"divider.default\">\n\t\t\t\t<div class=\"elementor-widget-container\">\n\t\t\t\t\t\t\t<div class=\"elementor-divider\">\n\t\t\t<span class=\"elementor-divider-separator\">\n\t\t\t\t\t\t<\/span>\n\t\t<\/div>\n\t\t\t\t\t\t<\/div>\n\t\t\t\t<\/div>\n\t\t\t\t<div class=\"elementor-element elementor-element-0cd6c19 elementor-widget elementor-widget-text-editor\" data-id=\"0cd6c19\" data-element_type=\"widget\" data-e-type=\"widget\" data-widget_type=\"text-editor.default\">\n\t\t\t\t<div class=\"elementor-widget-container\">\n\t\t\t\t\t\t\t\t\t<p>Soumettez vos documents via l'application Mon Helan (mobile) ou Mon Helan (ordinateur). Vous pouvez \u00e9galement les d\u00e9poser dans une bo\u00eete aux lettres Helan pr\u00e8s de chez vous, ou les envoyer par courrier \u00e0 Helan Mutuelle Ind\u00e9pendante, Boomsesteenweg 5, 2610 Wilrijk.<\/p>\t\t\t\t\t\t\t\t<\/div>\n\t\t\t\t<\/div>\n\t\t\t\t<\/div>\n\t\t<div class=\"elementor-element elementor-element-b088aa5 e-con-full e-flex e-con e-child\" data-id=\"b088aa5\" data-element_type=\"container\" data-e-type=\"container\">\n\t\t\t\t<div class=\"elementor-element elementor-element-5adf6dc elementor-widget elementor-widget-heading\" data-id=\"5adf6dc\" data-element_type=\"widget\" data-e-type=\"widget\" data-widget_type=\"heading.default\">\n\t\t\t\t<div class=\"elementor-widget-container\">\n\t\t\t\t\t<p class=\"elementor-heading-title elementor-size-default\">ETAPPE 3<\/p>\t\t\t\t<\/div>\n\t\t\t\t<\/div>\n\t\t\t\t<div class=\"elementor-element elementor-element-45e5ed5 elementor-widget elementor-widget-heading\" data-id=\"45e5ed5\" data-element_type=\"widget\" data-e-type=\"widget\" data-widget_type=\"heading.default\">\n\t\t\t\t<div class=\"elementor-widget-container\">\n\t\t\t\t\t<h3 class=\"elementor-heading-title elementor-size-default\">Remboursement<\/h3>\t\t\t\t<\/div>\n\t\t\t\t<\/div>\n\t\t\t\t<div class=\"elementor-element elementor-element-73d3f2d elementor-widget-divider--view-line elementor-widget elementor-widget-divider\" data-id=\"73d3f2d\" data-element_type=\"widget\" data-e-type=\"widget\" data-widget_type=\"divider.default\">\n\t\t\t\t<div class=\"elementor-widget-container\">\n\t\t\t\t\t\t\t<div class=\"elementor-divider\">\n\t\t\t<span class=\"elementor-divider-separator\">\n\t\t\t\t\t\t<\/span>\n\t\t<\/div>\n\t\t\t\t\t\t<\/div>\n\t\t\t\t<\/div>\n\t\t\t\t<div class=\"elementor-element elementor-element-6de2b8b elementor-widget elementor-widget-text-editor\" data-id=\"6de2b8b\" data-element_type=\"widget\" data-e-type=\"widget\" data-widget_type=\"text-editor.default\">\n\t\t\t\t<div class=\"elementor-widget-container\">\n\t\t\t\t\t\t\t\t\t<p>Helan veille \u00e0 un remboursement rapide de votre avantage Helan. Sur votre profil Helan, vous pouvez facilement consulter tous vos remboursements. Vous pouvez \u00e9galement demander un r\u00e9capitulatif PDF pour vous-m\u00eame et pour les membres de votre famille.<\/p>\t\t\t\t\t\t\t\t<\/div>\n\t\t\t\t<\/div>\n\t\t\t\t<\/div>\n\t\t\t\t<\/div>\n\t\t\t\t\t<\/div>\n\t\t\t\t<\/div>\n\t\t<div class=\"elementor-element elementor-element-dfee548 e-flex e-con-boxed e-con e-parent\" data-id=\"dfee548\" data-element_type=\"container\" data-e-type=\"container\">\n\t\t\t\t\t<div class=\"e-con-inner\">\n\t\t<div class=\"elementor-element elementor-element-a517275 e-con-full e-flex e-con e-child\" data-id=\"a517275\" data-element_type=\"container\" data-e-type=\"container\">\n\t\t\t\t<div class=\"elementor-element elementor-element-2adc6ca dce_masking-none elementor-widget elementor-widget-image\" data-id=\"2adc6ca\" data-element_type=\"widget\" data-e-type=\"widget\" data-widget_type=\"image.default\">\n\t\t\t\t<div class=\"elementor-widget-container\">\n\t\t\t\t\t\t\t\t\t\t\t\t\t\t\t<img decoding=\"async\" width=\"800\" height=\"800\" src=\"https:\/\/helan.biometriq.be\/wp-content\/uploads\/2024\/08\/glenn-carstens-peters-npxXWgQ33ZQ-unsplash-1-1024x1024.jpg\" class=\"attachment-large size-large wp-image-2711\" alt=\"\" srcset=\"https:\/\/helan.biometriq.be\/wp-content\/uploads\/2024\/08\/glenn-carstens-peters-npxXWgQ33ZQ-unsplash-1-1024x1024.jpg 1024w, https:\/\/helan.biometriq.be\/wp-content\/uploads\/2024\/08\/glenn-carstens-peters-npxXWgQ33ZQ-unsplash-1-300x300.jpg 300w, https:\/\/helan.biometriq.be\/wp-content\/uploads\/2024\/08\/glenn-carstens-peters-npxXWgQ33ZQ-unsplash-1-150x150.jpg 150w, https:\/\/helan.biometriq.be\/wp-content\/uploads\/2024\/08\/glenn-carstens-peters-npxXWgQ33ZQ-unsplash-1-768x768.jpg 768w, https:\/\/helan.biometriq.be\/wp-content\/uploads\/2024\/08\/glenn-carstens-peters-npxXWgQ33ZQ-unsplash-1-1536x1536.jpg 1536w, https:\/\/helan.biometriq.be\/wp-content\/uploads\/2024\/08\/glenn-carstens-peters-npxXWgQ33ZQ-unsplash-1-2048x2048.jpg 2048w, https:\/\/helan.biometriq.be\/wp-content\/uploads\/2024\/08\/glenn-carstens-peters-npxXWgQ33ZQ-unsplash-1-12x12.jpg 12w\" sizes=\"(max-width: 800px) 100vw, 800px\" \/>\t\t\t\t\t\t\t\t\t\t\t\t\t\t\t<\/div>\n\t\t\t\t<\/div>\n\t\t\t\t<\/div>\n\t\t<div class=\"elementor-element elementor-element-64c573d e-con-full e-flex e-con e-child\" data-id=\"64c573d\" data-element_type=\"container\" data-e-type=\"container\">\n\t\t\t\t<div class=\"elementor-element elementor-element-cf7c530 elementor-widget elementor-widget-heading\" data-id=\"cf7c530\" data-element_type=\"widget\" data-e-type=\"widget\" data-widget_type=\"heading.default\">\n\t\t\t\t<div class=\"elementor-widget-container\">\n\t\t\t\t\t<h2 class=\"elementor-heading-title elementor-size-default\">Conditions<\/h2>\t\t\t\t<\/div>\n\t\t\t\t<\/div>\n\t\t\t\t<div class=\"elementor-element elementor-element-a37f0a9 elementor-align-start elementor-icon-list--layout-traditional elementor-list-item-link-full_width elementor-widget elementor-widget-icon-list\" data-id=\"a37f0a9\" data-element_type=\"widget\" data-e-type=\"widget\" data-widget_type=\"icon-list.default\">\n\t\t\t\t<div class=\"elementor-widget-container\">\n\t\t\t\t\t\t\t<ul class=\"elementor-icon-list-items\">\n\t\t\t\t\t\t\t<li class=\"elementor-icon-list-item\">\n\t\t\t\t\t\t\t\t\t\t\t<span class=\"elementor-icon-list-icon\">\n\t\t\t\t\t\t\t<svg xmlns=\"http:\/\/www.w3.org\/2000\/svg\" width=\"16\" height=\"16\" viewbox=\"0 0 16 16\"><g id=\"Group_380\" data-name=\"Group 380\" transform=\"translate(-1642 -2748)\"><g id=\"Path_101\" data-name=\"Path 101\" transform=\"translate(1642 2748)\" fill=\"#567b5c\" stroke-linecap=\"round\"><path d=\"M 8 15.5 C 3.864490032196045 15.5 0.5 12.13551044464111 0.5 8 C 0.5 3.864490032196045 3.864490032196045 0.5 8 0.5 C 12.13551044464111 0.5 15.5 3.864490032196045 15.5 8 C 15.5 12.13551044464111 12.13551044464111 15.5 8 15.5 Z\" stroke=\"none\"><\/path><path d=\"M 8 1 C 4.140190124511719 1 1 4.140190124511719 1 8 C 1 11.85980987548828 4.140190124511719 15 8 15 C 11.85980987548828 15 15 11.85980987548828 15 8 C 15 4.140190124511719 11.85980987548828 1 8 1 M 8 0 C 12.41827964782715 0 16 3.581720352172852 16 8 C 16 12.41827964782715 12.41827964782715 16 8 16 C 3.581720352172852 16 0 12.41827964782715 0 8 C 0 3.581720352172852 3.581720352172852 0 8 0 Z\" stroke=\"none\" fill=\"#577b5c\"><\/path><\/g><path id=\"Path_97\" data-name=\"Path 97\" d=\"M9348.573,921.939l3.067,3.453,4.924-7.279\" transform=\"translate(-7702.568 1834.303)\" fill=\"none\" stroke=\"#fff\" stroke-linecap=\"round\" stroke-width=\"1\"><\/path><\/g><\/svg>\t\t\t\t\t\t<\/span>\n\t\t\t\t\t\t\t\t\t\t<span class=\"elementor-icon-list-text\">Pour les clients de Helan qui sont \u00e0 jour avec leurs contributions \u00e0 la mutuelle.<\/span>\n\t\t\t\t\t\t\t\t\t<\/li>\n\t\t\t\t\t\t\t\t<li class=\"elementor-icon-list-item\">\n\t\t\t\t\t\t\t\t\t\t\t<span class=\"elementor-icon-list-icon\">\n\t\t\t\t\t\t\t<svg xmlns=\"http:\/\/www.w3.org\/2000\/svg\" width=\"16\" height=\"16\" viewbox=\"0 0 16 16\"><g id=\"Group_380\" data-name=\"Group 380\" transform=\"translate(-1642 -2748)\"><g id=\"Path_101\" data-name=\"Path 101\" transform=\"translate(1642 2748)\" fill=\"#567b5c\" stroke-linecap=\"round\"><path d=\"M 8 15.5 C 3.864490032196045 15.5 0.5 12.13551044464111 0.5 8 C 0.5 3.864490032196045 3.864490032196045 0.5 8 0.5 C 12.13551044464111 0.5 15.5 3.864490032196045 15.5 8 C 15.5 12.13551044464111 12.13551044464111 15.5 8 15.5 Z\" stroke=\"none\"><\/path><path d=\"M 8 1 C 4.140190124511719 1 1 4.140190124511719 1 8 C 1 11.85980987548828 4.140190124511719 15 8 15 C 11.85980987548828 15 15 11.85980987548828 15 8 C 15 4.140190124511719 11.85980987548828 1 8 1 M 8 0 C 12.41827964782715 0 16 3.581720352172852 16 8 C 16 12.41827964782715 12.41827964782715 16 8 16 C 3.581720352172852 16 0 12.41827964782715 0 8 C 0 3.581720352172852 3.581720352172852 0 8 0 Z\" stroke=\"none\" fill=\"#577b5c\"><\/path><\/g><path id=\"Path_97\" data-name=\"Path 97\" d=\"M9348.573,921.939l3.067,3.453,4.924-7.279\" transform=\"translate(-7702.568 1834.303)\" fill=\"none\" stroke=\"#fff\" stroke-linecap=\"round\" stroke-width=\"1\"><\/path><\/g><\/svg>\t\t\t\t\t\t<\/span>\n\t\t\t\t\t\t\t\t\t\t<span class=\"elementor-icon-list-text\">Uniquement pour les s\u00e9ances avec les di\u00e9t\u00e9ticiens agr\u00e9\u00e9s par l'INAMI.<\/span>\n\t\t\t\t\t\t\t\t\t<\/li>\n\t\t\t\t\t\t\t\t<li class=\"elementor-icon-list-item\">\n\t\t\t\t\t\t\t\t\t\t\t<span class=\"elementor-icon-list-icon\">\n\t\t\t\t\t\t\t<svg xmlns=\"http:\/\/www.w3.org\/2000\/svg\" width=\"16\" height=\"16\" viewbox=\"0 0 16 16\"><g id=\"Group_380\" data-name=\"Group 380\" transform=\"translate(-1642 -2748)\"><g id=\"Path_101\" data-name=\"Path 101\" transform=\"translate(1642 2748)\" fill=\"#567b5c\" stroke-linecap=\"round\"><path d=\"M 8 15.5 C 3.864490032196045 15.5 0.5 12.13551044464111 0.5 8 C 0.5 3.864490032196045 3.864490032196045 0.5 8 0.5 C 12.13551044464111 0.5 15.5 3.864490032196045 15.5 8 C 15.5 12.13551044464111 12.13551044464111 15.5 8 15.5 Z\" stroke=\"none\"><\/path><path d=\"M 8 1 C 4.140190124511719 1 1 4.140190124511719 1 8 C 1 11.85980987548828 4.140190124511719 15 8 15 C 11.85980987548828 15 15 11.85980987548828 15 8 C 15 4.140190124511719 11.85980987548828 1 8 1 M 8 0 C 12.41827964782715 0 16 3.581720352172852 16 8 C 16 12.41827964782715 12.41827964782715 16 8 16 C 3.581720352172852 16 0 12.41827964782715 0 8 C 0 3.581720352172852 3.581720352172852 0 8 0 Z\" stroke=\"none\" fill=\"#577b5c\"><\/path><\/g><path id=\"Path_97\" data-name=\"Path 97\" d=\"M9348.573,921.939l3.067,3.453,4.924-7.279\" transform=\"translate(-7702.568 1834.303)\" fill=\"none\" stroke=\"#fff\" stroke-linecap=\"round\" stroke-width=\"1\"><\/path><\/g><\/svg>\t\t\t\t\t\t<\/span>\n\t\t\t\t\t\t\t\t\t\t<span class=\"elementor-icon-list-text\">Tant pour les consultations physiques que pour les t\u00e9l\u00e9consultations.<\/span>\n\t\t\t\t\t\t\t\t\t<\/li>\n\t\t\t\t\t\t\t\t<li class=\"elementor-icon-list-item\">\n\t\t\t\t\t\t\t\t\t\t\t<a href=\"https:\/\/www.helan.be\/nl\/ons-aanbod\/ziekenfonds\/voordelen-en-terugbetalingen\/voedings-en-leefstijladvies\/\" target=\"_blank\" rel=\"noopener\">\n\n\t\t\t\t\t\t\t\t\t\t\t\t<span class=\"elementor-icon-list-icon\">\n\t\t\t\t\t\t\t<svg xmlns=\"http:\/\/www.w3.org\/2000\/svg\" width=\"16\" height=\"16\" viewbox=\"0 0 16 16\"><g id=\"Group_380\" data-name=\"Group 380\" transform=\"translate(-1642 -2748)\"><g id=\"Path_101\" data-name=\"Path 101\" transform=\"translate(1642 2748)\" fill=\"#567b5c\" stroke-linecap=\"round\"><path d=\"M 8 15.5 C 3.864490032196045 15.5 0.5 12.13551044464111 0.5 8 C 0.5 3.864490032196045 3.864490032196045 0.5 8 0.5 C 12.13551044464111 0.5 15.5 3.864490032196045 15.5 8 C 15.5 12.13551044464111 12.13551044464111 15.5 8 15.5 Z\" stroke=\"none\"><\/path><path d=\"M 8 1 C 4.140190124511719 1 1 4.140190124511719 1 8 C 1 11.85980987548828 4.140190124511719 15 8 15 C 11.85980987548828 15 15 11.85980987548828 15 8 C 15 4.140190124511719 11.85980987548828 1 8 1 M 8 0 C 12.41827964782715 0 16 3.581720352172852 16 8 C 16 12.41827964782715 12.41827964782715 16 8 16 C 3.581720352172852 16 0 12.41827964782715 0 8 C 0 3.581720352172852 3.581720352172852 0 8 0 Z\" stroke=\"none\" fill=\"#577b5c\"><\/path><\/g><path id=\"Path_97\" data-name=\"Path 97\" d=\"M9348.573,921.939l3.067,3.453,4.924-7.279\" transform=\"translate(-7702.568 1834.303)\" fill=\"none\" stroke=\"#fff\" stroke-linecap=\"round\" stroke-width=\"1\"><\/path><\/g><\/svg>\t\t\t\t\t\t<\/span>\n\t\t\t\t\t\t\t\t\t\t<span class=\"elementor-icon-list-text\">Helan rembourse 25 euros par ann\u00e9e. Lisez les conditions.<\/span>\n\t\t\t\t\t\t\t\t\t\t\t<\/a>\n\t\t\t\t\t\t\t\t\t<\/li>\n\t\t\t\t\t\t<\/ul>\n\t\t\t\t\t\t<\/div>\n\t\t\t\t<\/div>\n\t\t\t\t<\/div>\n\t\t\t\t\t<\/div>\n\t\t\t\t<\/div>\n\t\t<div class=\"elementor-element elementor-element-582c6fe e-con-full e-flex e-con e-parent\" data-id=\"582c6fe\" data-element_type=\"container\" data-e-type=\"container\">\n\t\t\t\t<div class=\"elementor-element elementor-element-6c022f2 elementor-widget elementor-widget-template\" data-id=\"6c022f2\" data-element_type=\"widget\" data-e-type=\"widget\" data-widget_type=\"template.default\">\n\t\t\t\t<div class=\"elementor-widget-container\">\n\t\t\t\t\t\t\t<div class=\"elementor-template\">\n\t\t\t\t\t<div data-elementor-type=\"section\" data-elementor-id=\"107\" class=\"elementor elementor-107\" data-elementor-post-type=\"elementor_library\">\n\t\t\t<div class=\"elementor-element elementor-element-01b40c3 e-con-full e-flex e-con e-parent\" data-id=\"01b40c3\" data-element_type=\"container\" data-e-type=\"container\" data-settings=\"{&quot;background_background&quot;:&quot;classic&quot;}\">\n\t\t<div class=\"elementor-element elementor-element-4a04a64 e-con-full e-flex e-con e-child\" data-id=\"4a04a64\" data-element_type=\"container\" data-e-type=\"container\">\n\t\t<div class=\"elementor-element elementor-element-ea9c37a e-con-full e-flex e-con e-child\" data-id=\"ea9c37a\" data-element_type=\"container\" data-e-type=\"container\">\n\t\t\t\t<div class=\"elementor-element elementor-element-9c01a2f elementor-widget elementor-widget-heading\" data-id=\"9c01a2f\" data-element_type=\"widget\" data-e-type=\"widget\" data-widget_type=\"heading.default\">\n\t\t\t\t<div class=\"elementor-widget-container\">\n\t\t\t\t\t<h1 class=\"elementor-heading-title elementor-size-default\">Avez-vous besion d'aide?<br>\nTrouvez votre <span>di\u00e9t\u00e9ticien ici!<\/span><\/h1>\t\t\t\t<\/div>\n\t\t\t\t<\/div>\n\t\t\t\t<div class=\"elementor-element elementor-element-4fb743a elementor-align-left elementor-tablet-align-left elementor-widget elementor-widget-button\" data-id=\"4fb743a\" data-element_type=\"widget\" data-e-type=\"widget\" data-widget_type=\"button.default\">\n\t\t\t\t<div class=\"elementor-widget-container\">\n\t\t\t\t\t\t\t\t\t<div class=\"elementor-button-wrapper\">\n\t\t\t\t\t<a class=\"elementor-button elementor-button-link elementor-size-sm\" href=\"https:\/\/helan.biometriq.be\/fr\/vind\/\">\n\t\t\t\t\t\t<span class=\"elementor-button-content-wrapper\">\n\t\t\t\t\t\t\t\t\t<span class=\"elementor-button-text\">Trouvez votre di\u00e9t\u00e9ticien<\/span>\n\t\t\t\t\t<\/span>\n\t\t\t\t\t<\/a>\n\t\t\t\t<\/div>\n\t\t\t\t\t\t\t\t<\/div>\n\t\t\t\t<\/div>\n\t\t\t\t<\/div>\n\t\t\t\t<\/div>\n\t\t<div class=\"elementor-element elementor-element-45ea1c1 e-con-full e-flex e-con e-child\" data-id=\"45ea1c1\" data-element_type=\"container\" data-e-type=\"container\">\n\t\t\t\t<div class=\"elementor-element elementor-element-e5543f6 dce_masking-none elementor-widget elementor-widget-image\" data-id=\"e5543f6\" data-element_type=\"widget\" data-e-type=\"widget\" data-widget_type=\"image.default\">\n\t\t\t\t<div class=\"elementor-widget-container\">\n\t\t\t\t\t\t\t\t\t\t\t\t\t\t\t<img decoding=\"async\" width=\"800\" height=\"541\" src=\"https:\/\/helan.biometriq.be\/wp-content\/uploads\/2024\/07\/Image-section.png\" class=\"attachment-large size-large wp-image-111\" alt=\"\" srcset=\"https:\/\/helan.biometriq.be\/wp-content\/uploads\/2024\/07\/Image-section.png 1023w, https:\/\/helan.biometriq.be\/wp-content\/uploads\/2024\/07\/Image-section-300x203.png 300w, https:\/\/helan.biometriq.be\/wp-content\/uploads\/2024\/07\/Image-section-768x520.png 768w\" sizes=\"(max-width: 800px) 100vw, 800px\" \/>\t\t\t\t\t\t\t\t\t\t\t\t\t\t\t<\/div>\n\t\t\t\t<\/div>\n\t\t\t\t<\/div>\n\t\t\t\t<\/div>\n\t\t\t\t<\/div>\n\t\t\t\t<\/div>\n\t\t\t\t\t\t<\/div>\n\t\t\t\t<\/div>\n\t\t\t\t<\/div>\n\t\t\t\t<\/div>","protected":false},"excerpt":{"rendered":"<p>Een terugbetaling van 25 euro voor klanten van Helan Onafhankelijk ziekenfonds Nood aan een aangepast voedingsplan? Neem je eetpatroon onder de loep samen met een RIZIV-erkende di\u00ebtist(e). Vind je di\u00ebtist Geen klant van Helan? STAP 1 Ontvang het formulier Na je gesprek ontvang je van onze di\u00ebtisten het ondertekende terugbetalingsformulier voor di\u00ebtiek per e-mail. Controleer [&hellip;]<\/p>\n","protected":false},"author":2,"featured_media":774,"parent":0,"menu_order":7,"comment_status":"closed","ping_status":"closed","template":"elementor_header_footer","meta":{"_acf_changed":false,"footnotes":""},"class_list":["post-34","page","type-page","status-publish","has-post-thumbnail","hentry"],"acf":[],"_links":{"self":[{"href":"https:\/\/helan.biometriq.be\/fr\/wp-json\/wp\/v2\/pages\/34","targetHints":{"allow":["GET"]}}],"collection":[{"href":"https:\/\/helan.biometriq.be\/fr\/wp-json\/wp\/v2\/pages"}],"about":[{"href":"https:\/\/helan.biometriq.be\/fr\/wp-json\/wp\/v2\/types\/page"}],"author":[{"embeddable":true,"href":"https:\/\/helan.biometriq.be\/fr\/wp-json\/wp\/v2\/users\/2"}],"replies":[{"embeddable":true,"href":"https:\/\/helan.biometriq.be\/fr\/wp-json\/wp\/v2\/comments?post=34"}],"version-history":[{"count":0,"href":"https:\/\/helan.biometriq.be\/fr\/wp-json\/wp\/v2\/pages\/34\/revisions"}],"wp:featuredmedia":[{"embeddable":true,"href":"https:\/\/helan.biometriq.be\/fr\/wp-json\/wp\/v2\/media\/774"}],"wp:attachment":[{"href":"https:\/\/helan.biometriq.be\/fr\/wp-json\/wp\/v2\/media?parent=34"}],"curies":[{"name":"wp","href":"https:\/\/api.w.org\/{rel}","templated":true}]}}