{"id":2917,"date":"2024-09-02T12:02:26","date_gmt":"2024-09-02T10:02:26","guid":{"rendered":"https:\/\/helan.biometriq.be\/?page_id=2917"},"modified":"2024-10-22T13:44:11","modified_gmt":"2024-10-22T11:44:11","slug":"informed-consent","status":"publish","type":"page","link":"https:\/\/helan.biometriq.be\/fr\/informed-consent\/","title":{"rendered":"Consentement \u00e9clair\u00e9"},"content":{"rendered":"<div data-elementor-type=\"wp-page\" data-elementor-id=\"2917\" class=\"elementor elementor-2917\" data-elementor-post-type=\"page\">\n\t\t\t\t<div class=\"elementor-element elementor-element-0c06324 e-flex e-con-boxed e-con e-parent\" data-id=\"0c06324\" data-element_type=\"container\" data-e-type=\"container\">\n\t\t\t\t\t<div class=\"e-con-inner\">\n\t\t\t\t<div class=\"elementor-element elementor-element-502e725 elementor-widget elementor-widget-heading\" data-id=\"502e725\" data-element_type=\"widget\" data-e-type=\"widget\" data-widget_type=\"heading.default\">\n\t\t\t\t<div class=\"elementor-widget-container\">\n\t\t\t\t\t<h2 class=\"elementor-heading-title elementor-size-default\">Consentement \u00e9clair\u00e9<\/h2>\t\t\t\t<\/div>\n\t\t\t\t<\/div>\n\t\t\t\t\t<\/div>\n\t\t\t\t<\/div>\n\t\t<div class=\"elementor-element elementor-element-af87ca0 e-flex e-con-boxed e-con e-parent\" data-id=\"af87ca0\" data-element_type=\"container\" data-e-type=\"container\">\n\t\t\t\t\t<div class=\"e-con-inner\">\n\t\t\t\t<div class=\"elementor-element elementor-element-58aba0b elementor-widget elementor-widget-text-editor\" data-id=\"58aba0b\" data-element_type=\"widget\" data-e-type=\"widget\" data-widget_type=\"text-editor.default\">\n\t\t\t\t<div class=\"elementor-widget-container\">\n\t\t\t\t\t\t\t\t\t<div class=\"page\" title=\"Recouvrement de dettes\"><div class=\"layoutArea\"><div class=\"column\"><div class=\"page\" title=\"Page 1\"><div class=\"layoutArea\"><div class=\"column\"><p>La SRL BiometrIQ (\u201cBiometrIQ\u201d) est une entreprise belge dont le si\u00e8ge est \u00e9tabli Gouden Rivierlaan, 62, \u00e0 8500 Courtrai, qui est enregistr\u00e9e \u00e0 la BCE sous le num\u00e9ro 0753.816.692, et qui, par son site Web, fournit, d\u2019une part, des services en mati\u00e8re d\u2019analyse de biomarqueurs (au sens le plus large du terme, analyses de l\u2019ADN, analyse du microbiome, analyse du sang, mais aussi d\u2019objets portables, ingestibles, embarqu\u00e9s, etc.) dans un contexte de sant\u00e9 et de bien-\u00eatre, et offre, d\u2019autre part, des consultations en ligne avec des di\u00e9t\u00e9ticiens choisis par le consommateur lui-m\u00eame.<\/p><p>Avant de nous soumettre un \u00e9chantillon pour analyse ou avant de fournir des donn\u00e9es m\u00e9dicales \u00e0 caract\u00e8re personnel \u00e0 un di\u00e9t\u00e9ticien associ\u00e9 dans le cadre d\u2019une consultation, vous marquez votre accord sur ce qui suit\u00a0:<\/p><ul><li><p>J\u2019ai 18 ans ou plus et tous les \u00e9chantillons ou autres donn\u00e9es m\u00e9dicales \u00e0 caract\u00e8re personnel que je fournis soit m\u2019appartiennent personnellement, soit appartiennent \u00e0 une personne qui m\u2019a autoris\u00e9 l\u00e9galement \u00e0 les fournir \u00e0 BiometrIQ.<\/p><\/li><li><p>Je comprends que des analyses et\/ou des consultations avec des di\u00e9t\u00e9ticiens associ\u00e9s n\u2019ont pas pour but de diagnostiquer et\/ou de traiter mon \u00e9tat de sant\u00e9 ou mes maladies, et que ces analyses et\/ou consultations ne pourront jamais remplacer un avis m\u00e9dical professionnel.<\/p><\/li><li><p>BiometrIQ extrait mes donn\u00e9es de biomarqueurs d\u2019\u00e9chantillons \u00e9ventuellement fournis pour r\u00e9aliser des tests (entre autres g\u00e9n\u00e9tiques). Dans certains cas, des \u00e9chantillons suppl\u00e9mentaires peuvent s\u2019av\u00e9rer n\u00e9cessaires, par exemple lorsque le volume ou la qualit\u00e9 d\u2019un \u00e9chantillon ne sont pas suffisants.<\/p><\/li><li><p>BiometrIQ conservera mon \u00e9chantillon en toute s\u00e9curit\u00e9 pour une dur\u00e9e ind\u00e9termin\u00e9e. Je peux demander formellement \u00e0 tout moment de d\u00e9truire mon \u00e9chantillon. BiometrIQ conserve \u00e9galement d\u2019autres donn\u00e9es m\u00e9dicales \u00e0 caract\u00e8re personnel conform\u00e9ment \u00e0 sa Politique de protection des donn\u00e9es \u00e0 caract\u00e8re personnel.<\/p><\/li><li><p>BiometrIQ fournit un rapport personnel \u00e0 la suite d\u2019une analyse ou d\u2019une consultation avec un di\u00e9t\u00e9ticien associ\u00e9, qui a \u00e9t\u00e9 demand\u00e9e par mes soins ou par mon prestataire de soins pour mon compte.<\/p><\/li><li><p>En cas d\u2019analyses, BiometrIQ peut me communiquer de nouveaux r\u00e9sultats (e.a. des r\u00e9sultats g\u00e9n\u00e9tiques) et me donner la possibilit\u00e9 d\u2019effectuer d\u2019autres tests et analyses. Je peux \u00e0 tout moment signaler que je ne souhaite plus recevoir de nouveaux r\u00e9sultats.<\/p><\/li><li><p>BiometrIQ me communiquera en toute confidentialit\u00e9 les r\u00e9sultats d\u2019une analyse que j\u2019ai demand\u00e9e ou d\u2019une consultation que j\u2019ai eue avec un di\u00e9t\u00e9ticien associ\u00e9, et les communiquera \u00e9galement en toute confidentialit\u00e9 \u00e0 mon prestataire de soins comp\u00e9tent.<\/p><\/li><li><p>BiometrIQ me transmet directement ou \u00e0 mon prestataire de soins d\u00e9sign\u00e9 les rapports qu\u2019elle \u00e9tablit.<\/p><\/li><li><p>Mes donn\u00e9es g\u00e9n\u00e9tiques ne seront pas communiqu\u00e9es ou partag\u00e9es avec des tiers sans mon consentement explicite, et cette communication ou ce partage respecteront la Politique de BiometrIQ de protection des donn\u00e9es \u00e0 caract\u00e8re personnel.<\/p><\/li><li><p>BiometrIQ peut analyser mes donn\u00e9es m\u00e9dicales \u00e0 caract\u00e8re personnel \u00e0 des fins d\u2019\u00e9valuation et d\u2019examen \u00e0 condition qu\u2019elles aient \u00e9t\u00e9 anonymis\u00e9es et\/ou pseudonymis\u00e9es conform\u00e9ment \u00e0 la l\u00e9gislation applicable.<\/p><\/li><li><p>BiometrIQ mettra mes r\u00e9sultats \u00e0 ma disposition par voie num\u00e9rique, en les enregistrant sur un Google drive.<\/p><\/li><li><p>Mes informations et mes r\u00e9sultats seront conserv\u00e9s conform\u00e9ment \u00e0 la Politique de BiometrIQ de protection des donn\u00e9es \u00e0 caract\u00e8re personnel.<\/p><\/li><\/ul><\/div><\/div><\/div><\/div><\/div><\/div>\t\t\t\t\t\t\t\t<\/div>\n\t\t\t\t<\/div>\n\t\t\t\t\t<\/div>\n\t\t\t\t<\/div>\n\t\t\t\t<\/div>","protected":false},"excerpt":{"rendered":"<p>Informed consent BiometrIQ BV (\u201cBiometrIQ\u201d) is een Belgische onderneming met zetel te Gouden-Rivierlaan 62, 8501 Kortrijk, Belgie, geregistreerd in de KBO onder nummer 0753.816.692, die in Belgie\u0308 via haar website enerzijds diensten rond biomarker-analyse (in de ruimste zin van het woord DNA-analyses, microbioom-analyse, bloedanalyse maar ook data van wearables, ingestibles, embeddables, etc.) levert in een [&hellip;]<\/p>\n","protected":false},"author":6,"featured_media":0,"parent":0,"menu_order":99,"comment_status":"closed","ping_status":"closed","template":"elementor_header_footer","meta":{"_acf_changed":false,"footnotes":""},"class_list":["post-2917","page","type-page","status-publish","hentry"],"acf":[],"_links":{"self":[{"href":"https:\/\/helan.biometriq.be\/fr\/wp-json\/wp\/v2\/pages\/2917","targetHints":{"allow":["GET"]}}],"collection":[{"href":"https:\/\/helan.biometriq.be\/fr\/wp-json\/wp\/v2\/pages"}],"about":[{"href":"https:\/\/helan.biometriq.be\/fr\/wp-json\/wp\/v2\/types\/page"}],"author":[{"embeddable":true,"href":"https:\/\/helan.biometriq.be\/fr\/wp-json\/wp\/v2\/users\/6"}],"replies":[{"embeddable":true,"href":"https:\/\/helan.biometriq.be\/fr\/wp-json\/wp\/v2\/comments?post=2917"}],"version-history":[{"count":0,"href":"https:\/\/helan.biometriq.be\/fr\/wp-json\/wp\/v2\/pages\/2917\/revisions"}],"wp:attachment":[{"href":"https:\/\/helan.biometriq.be\/fr\/wp-json\/wp\/v2\/media?parent=2917"}],"curies":[{"name":"wp","href":"https:\/\/api.w.org\/{rel}","templated":true}]}}